{"id":741,"date":"2020-06-30T20:10:24","date_gmt":"2020-07-01T01:10:24","guid":{"rendered":"https:\/\/tiendadelperu.com\/?post_type=product&#038;p=741"},"modified":"2026-02-16T04:05:30","modified_gmt":"2026-02-16T09:05:30","slug":"medias-para-ninos","status":"publish","type":"product","link":"https:\/\/tiendadelperu.com\/?product=medias-para-ninos","title":{"rendered":"Medias para ni\u00f1os"},"content":{"rendered":"<p>Medias para ni\u00f1os super comodas , con dise\u00f1os y a un buen precio<\/p>\n","protected":false},"excerpt":{"rendered":"<p>Medias para ni\u00f1os a un buen precio y de buena calidad<\/p>\n","protected":false},"featured_media":742,"comment_status":"open","ping_status":"closed","template":"","meta":[],"_links":{"self":[{"href":"https:\/\/tiendadelperu.com\/index.php?rest_route=\/wp\/v2\/product\/741"}],"collection":[{"href":"https:\/\/tiendadelperu.com\/index.php?rest_route=\/wp\/v2\/product"}],"about":[{"href":"https:\/\/tiendadelperu.com\/index.php?rest_route=\/wp\/v2\/types\/product"}],"replies":[{"embeddable":true,"href":"https:\/\/tiendadelperu.com\/index.php?rest_route=%2Fwp%2Fv2%2Fcomments&post=741"}],"wp:featuredmedia":[{"embeddable":true,"href":"https:\/\/tiendadelperu.com\/index.php?rest_route=\/wp\/v2\/media\/742"}],"wp:attachment":[{"href":"https:\/\/tiendadelperu.com\/index.php?rest_route=%2Fwp%2Fv2%2Fmedia&parent=741"}],"curies":[{"name":"wp","href":"https:\/\/api.w.org\/{rel}","templated":true}]}}